{"id":58,"date":"2025-04-11T10:06:13","date_gmt":"2025-04-11T08:06:13","guid":{"rendered":"https:\/\/lubelskiecentrumrozwoju.pl\/?page_id=58"},"modified":"2025-04-11T10:36:16","modified_gmt":"2025-04-11T08:36:16","slug":"warto-byc-polakiem","status":"publish","type":"page","link":"https:\/\/lubelskiecentrumrozwoju.pl\/?page_id=58","title":{"rendered":"Warto By\u0107 Polakiem!"},"content":{"rendered":"\n<div class=\"wp-block-group alignfull has-background-color has-foreground-background-color has-text-color has-background has-link-color wp-elements-3baf2a53be369e28bc0858c0021afa96 is-layout-grid wp-container-core-group-is-layout-ceec9785 wp-block-group-is-layout-grid\" style=\"padding-top:0px;padding-bottom:0px\">\n<figure class=\"wp-block-image alignwide size-full\"><img loading=\"lazy\" decoding=\"async\" width=\"2729\" height=\"859\" src=\"https:\/\/lubelskiecentrumrozwoju.pl\/wp-content\/uploads\/2024\/10\/lcr_logotyp.png\" alt=\"\" class=\"wp-image-23\" srcset=\"https:\/\/lubelskiecentrumrozwoju.pl\/wp-content\/uploads\/2024\/10\/lcr_logotyp.png 2729w, https:\/\/lubelskiecentrumrozwoju.pl\/wp-content\/uploads\/2024\/10\/lcr_logotyp-300x94.png 300w, https:\/\/lubelskiecentrumrozwoju.pl\/wp-content\/uploads\/2024\/10\/lcr_logotyp-1024x322.png 1024w, https:\/\/lubelskiecentrumrozwoju.pl\/wp-content\/uploads\/2024\/10\/lcr_logotyp-768x242.png 768w, https:\/\/lubelskiecentrumrozwoju.pl\/wp-content\/uploads\/2024\/10\/lcr_logotyp-1536x483.png 1536w, https:\/\/lubelskiecentrumrozwoju.pl\/wp-content\/uploads\/2024\/10\/lcr_logotyp-2048x645.png 2048w\" sizes=\"auto, (max-width: 2729px) 100vw, 2729px\" \/><\/figure>\n<\/div>\n\n\n\n<p><\/p>\n\n\n\n<p class=\"has-x-large-font-size\"><mark style=\"background-color:rgba(0, 0, 0, 0)\" class=\"has-inline-color has-foreground-color\"><strong>Warto by\u0107 Polakiem!<\/strong><\/mark><\/p>\n\n\n\n<figure class=\"wp-block-table\"><table class=\"has-fixed-layout\"><tbody><tr><td><img loading=\"lazy\" decoding=\"async\" width=\"150\" height=\"80\" class=\"wp-image-50\" style=\"width: 150px;\" src=\"https:\/\/lubelskiecentrumrozwoju.pl\/wp-content\/uploads\/2025\/03\/logo_new_WBP_CLAIM@2x-80-1.jpg\" alt=\"\"><\/td><td><img loading=\"lazy\" decoding=\"async\" width=\"150\" height=\"82\" class=\"wp-image-51\" style=\"width: 150px;\" src=\"https:\/\/lubelskiecentrumrozwoju.pl\/wp-content\/uploads\/2025\/03\/LOGO_pelne-biale-tlo-1.png\" alt=\"\" srcset=\"https:\/\/lubelskiecentrumrozwoju.pl\/wp-content\/uploads\/2025\/03\/LOGO_pelne-biale-tlo-1.png 1500w, https:\/\/lubelskiecentrumrozwoju.pl\/wp-content\/uploads\/2025\/03\/LOGO_pelne-biale-tlo-1-300x164.png 300w, https:\/\/lubelskiecentrumrozwoju.pl\/wp-content\/uploads\/2025\/03\/LOGO_pelne-biale-tlo-1-1024x560.png 1024w, https:\/\/lubelskiecentrumrozwoju.pl\/wp-content\/uploads\/2025\/03\/LOGO_pelne-biale-tlo-1-768x420.png 768w\" sizes=\"auto, (max-width: 150px) 100vw, 150px\" \/><\/td><\/tr><\/tbody><\/table><\/figure>\n\n\n\n<p class=\"has-text-align-left\"><strong>Lubelskie Centrum Rozwoju realizuje program \u201eWARTO BY\u0106 POLAKIEM\u201d<br>&#8220;Partnerem wydarzenia jest Wojew\u00f3dztwo Lubelskie. <br>Wydarzenie bierze udzia\u0142 w programie &#8220;Warto by\u0107 Polakiem&#8221; , kt\u00f3rego organizatorem jest Samorz\u0105d Wojew\u00f3dztwa Lubelskiego&#8221;<br>#Lubelskie #WartoBy\u0107Polakiem #KierunekLubelskie<\/strong><\/p>\n\n\n\n<p><strong><img loading=\"lazy\" decoding=\"async\" height=\"16\" width=\"16\" src=\"https:\/\/static.xx.fbcdn.net\/images\/emoji.php\/v9\/tbe\/1\/16\/1f3c6.png\" alt=\"\ud83c\udfc6\">Puchary ju\u017c czekaj\u0105 na zwyci\u0119zc\u00f3w<\/strong><\/p>\n\n\n\n<p>Kto oka\u017ce si\u0119 najlepszym strzelcem? Kto zdob\u0119dzie tytu\u0142 i si\u0119gnie po g\u0142\u00f3wne trofeum? Jutro si\u0119 dowiemy. Partnerem wydarzenia jest Wojew\u00f3dztwo Lubelskie.Wydarzenie bierze udzia\u0142 w programie \u201eWarto by\u0107 Polakiem\u201d, kt\u00f3rego organizatorem jest Samorz\u0105d Wojew\u00f3dztwa Lubelskiego<\/p>\n\n\n\n<p><a href=\"https:\/\/www.facebook.com\/hashtag\/lubelskie?__eep__=6&amp;__cft__[0]=AZWIdrfRwpJEhS8v0RZrLhi49yHKN2gYreIEnsQgfzdqIFiJoLwyHgp-YZQgwKNsBMbHlap2wiuGfr_NM9oUbKvNtNVVCS11vX8kOKF4kV5J5OywZfS_ExSXSc5JQkJyom0-OPnYvo_N6SQIN6fmT_1PT5zOBKZtPzTER0PBpJdpoZ2Ce662ZcqoD297zRjpHPGGU5fVvrkjlLwxySHjB_az&amp;__tn__=*NK-R\">#Lubelskie<\/a><a href=\"https:\/\/www.facebook.com\/hashtag\/wartoby%C4%87?__eep__=6&amp;__cft__[0]=AZWIdrfRwpJEhS8v0RZrLhi49yHKN2gYreIEnsQgfzdqIFiJoLwyHgp-YZQgwKNsBMbHlap2wiuGfr_NM9oUbKvNtNVVCS11vX8kOKF4kV5J5OywZfS_ExSXSc5JQkJyom0-OPnYvo_N6SQIN6fmT_1PT5zOBKZtPzTER0PBpJdpoZ2Ce662ZcqoD297zRjpHPGGU5fVvrkjlLwxySHjB_az&amp;__tn__=*NK-R\">#WartoBy\u0107<\/a>Polakiem <a href=\"https:\/\/www.facebook.com\/hashtag\/kieruneklubelskie?__eep__=6&amp;__cft__[0]=AZWIdrfRwpJEhS8v0RZrLhi49yHKN2gYreIEnsQgfzdqIFiJoLwyHgp-YZQgwKNsBMbHlap2wiuGfr_NM9oUbKvNtNVVCS11vX8kOKF4kV5J5OywZfS_ExSXSc5JQkJyom0-OPnYvo_N6SQIN6fmT_1PT5zOBKZtPzTER0PBpJdpoZ2Ce662ZcqoD297zRjpHPGGU5fVvrkjlLwxySHjB_az&amp;__tn__=*NK-R\">#KierunekLubelskie<\/a><\/p>\n\n\n\n<figure class=\"wp-block-image size-large\"><img loading=\"lazy\" decoding=\"async\" width=\"1024\" height=\"768\" src=\"https:\/\/lubelskiecentrumrozwoju.pl\/wp-content\/uploads\/2024\/10\/IMG-20250410-WA0002-1024x768.jpg\" alt=\"\" class=\"wp-image-56\" srcset=\"https:\/\/lubelskiecentrumrozwoju.pl\/wp-content\/uploads\/2024\/10\/IMG-20250410-WA0002-1024x768.jpg 1024w, https:\/\/lubelskiecentrumrozwoju.pl\/wp-content\/uploads\/2024\/10\/IMG-20250410-WA0002-300x225.jpg 300w, https:\/\/lubelskiecentrumrozwoju.pl\/wp-content\/uploads\/2024\/10\/IMG-20250410-WA0002-768x576.jpg 768w, https:\/\/lubelskiecentrumrozwoju.pl\/wp-content\/uploads\/2024\/10\/IMG-20250410-WA0002-1536x1152.jpg 1536w, https:\/\/lubelskiecentrumrozwoju.pl\/wp-content\/uploads\/2024\/10\/IMG-20250410-WA0002.jpg 2048w\" sizes=\"auto, (max-width: 1024px) 100vw, 1024px\" \/><\/figure>\n\n\n\n<pre class=\"wp-block-verse\">Lubelskie Centrum Rozwoju realizuje program  \u201eWARTO BY\u0106 POLAKIEM\u201d<br>\"Partnerem wydarzenia jest Wojew\u00f3dztwo Lubelskie. <br>Wydarzenie bierze udzia\u0142 w programie \"Warto by\u0107 Polakiem\" , kt\u00f3rego organizatorem jest Samorz\u0105d Wojew\u00f3dztwa Lubelskiego\"<br>#Lubelskie #WartoBy\u0107Polakiem #KierunekLubelskie<\/pre>\n\n\n\n<figure class=\"wp-block-image size-large\"><img loading=\"lazy\" decoding=\"async\" width=\"1024\" height=\"1024\" src=\"https:\/\/lubelskiecentrumrozwoju.pl\/wp-content\/uploads\/2024\/10\/Zawody_post-1080x1080piks-1024x1024.jpg\" alt=\"\" class=\"wp-image-38\" srcset=\"https:\/\/lubelskiecentrumrozwoju.pl\/wp-content\/uploads\/2024\/10\/Zawody_post-1080x1080piks-1024x1024.jpg 1024w, https:\/\/lubelskiecentrumrozwoju.pl\/wp-content\/uploads\/2024\/10\/Zawody_post-1080x1080piks-300x300.jpg 300w, https:\/\/lubelskiecentrumrozwoju.pl\/wp-content\/uploads\/2024\/10\/Zawody_post-1080x1080piks-150x150.jpg 150w, https:\/\/lubelskiecentrumrozwoju.pl\/wp-content\/uploads\/2024\/10\/Zawody_post-1080x1080piks-768x768.jpg 768w, https:\/\/lubelskiecentrumrozwoju.pl\/wp-content\/uploads\/2024\/10\/Zawody_post-1080x1080piks.jpg 1080w\" sizes=\"auto, (max-width: 1024px) 100vw, 1024px\" \/><\/figure>\n\n\n\n<p><strong>Regulamin zawod\u00f3w<\/strong>:<\/p>\n\n\n\n<div data-wp-interactive=\"core\/file\" class=\"wp-block-file\"><object data-wp-bind--hidden=\"!state.hasPdfPreview\" hidden class=\"wp-block-file__embed\" data=\"https:\/\/lubelskiecentrumrozwoju.pl\/wp-content\/uploads\/2024\/10\/Regulamin-zawodow-o-Puchar-Marszalka-1.pdf\" type=\"application\/pdf\" style=\"width:100%;height:600px\" aria-label=\"Embed of Regulamin zawodow o Puchar Marsza\u0142ka (1).\"><\/object><a id=\"wp-block-file--media-aa0b6bf1-7f96-4d63-b29c-fa96e707b014\" href=\"https:\/\/lubelskiecentrumrozwoju.pl\/wp-content\/uploads\/2024\/10\/Regulamin-zawodow-o-Puchar-Marszalka-1.pdf\">Regulamin zawodow o Puchar Marsza\u0142ka (1)<\/a><a href=\"https:\/\/lubelskiecentrumrozwoju.pl\/wp-content\/uploads\/2024\/10\/Regulamin-zawodow-o-Puchar-Marszalka-1.pdf\" class=\"wp-block-file__button wp-element-button\" download aria-describedby=\"wp-block-file--media-aa0b6bf1-7f96-4d63-b29c-fa96e707b014\">Pobierz<\/a><\/div>\n\n\n\n<figure class=\"wp-block-video\"><video height=\"720\" style=\"aspect-ratio: 1280 \/ 720;\" width=\"1280\" controls src=\"https:\/\/lubelskiecentrumrozwoju.pl\/wp-content\/uploads\/2024\/10\/KierunekLubelskie-00_SPOT_LUBELSKIE_30_sek_4K-3.mp4\"><\/video><\/figure>\n\n\n\n<p><a href=\"https:\/\/www.facebook.com\/hashtag\/lubelskie?__eep__=6&amp;__cft__[0]=AZX8D7U_ngyWRWOCOpCkRCTQOxjf5qJIyXPUUlqyT7lYWxwSR-T-Z-r3VpGSCIzYUKvSvccNGXgPL2i7IKhfdPwS2ORz55_CZ7Cc9aPNrWKBeokS0tKfxVqcNQ0ImU39kxlgQnhmz116aSp7uYWmJC7B&amp;__tn__=*NK-R\" target=\"_blank\" rel=\"noreferrer noopener\">#Lubelskie<\/a> <a href=\"https:\/\/www.facebook.com\/hashtag\/wartoby%C4%87polakiem?__eep__=6&amp;__cft__[0]=AZX8D7U_ngyWRWOCOpCkRCTQOxjf5qJIyXPUUlqyT7lYWxwSR-T-Z-r3VpGSCIzYUKvSvccNGXgPL2i7IKhfdPwS2ORz55_CZ7Cc9aPNrWKBeokS0tKfxVqcNQ0ImU39kxlgQnhmz116aSp7uYWmJC7B&amp;__tn__=*NK-R\" target=\"_blank\" rel=\"noreferrer noopener\">#WartoBy\u0107Polakiem<\/a> <a href=\"https:\/\/www.facebook.com\/hashtag\/kieruneklubelskie?__eep__=6&amp;__cft__[0]=AZX8D7U_ngyWRWOCOpCkRCTQOxjf5qJIyXPUUlqyT7lYWxwSR-T-Z-r3VpGSCIzYUKvSvccNGXgPL2i7IKhfdPwS2ORz55_CZ7Cc9aPNrWKBeokS0tKfxVqcNQ0ImU39kxlgQnhmz116aSp7uYWmJC7B&amp;__tn__=*NK-R\" target=\"_blank\" rel=\"noreferrer noopener\">#KierunekLubelskie<\/a><\/p>\n\n\n\n<figure class=\"wp-block-table\"><table class=\"has-fixed-layout\"><tbody><tr><td><img loading=\"lazy\" decoding=\"async\" width=\"150\" height=\"80\" class=\"wp-image-50\" style=\"width: 150px;\" src=\"https:\/\/lubelskiecentrumrozwoju.pl\/wp-content\/uploads\/2025\/03\/logo_new_WBP_CLAIM@2x-80-1.jpg\" alt=\"\"><\/td><td><img loading=\"lazy\" decoding=\"async\" width=\"150\" height=\"82\" class=\"wp-image-51\" style=\"width: 150px;\" src=\"https:\/\/lubelskiecentrumrozwoju.pl\/wp-content\/uploads\/2025\/03\/LOGO_pelne-biale-tlo-1.png\" alt=\"\" srcset=\"https:\/\/lubelskiecentrumrozwoju.pl\/wp-content\/uploads\/2025\/03\/LOGO_pelne-biale-tlo-1.png 1500w, https:\/\/lubelskiecentrumrozwoju.pl\/wp-content\/uploads\/2025\/03\/LOGO_pelne-biale-tlo-1-300x164.png 300w, https:\/\/lubelskiecentrumrozwoju.pl\/wp-content\/uploads\/2025\/03\/LOGO_pelne-biale-tlo-1-1024x560.png 1024w, https:\/\/lubelskiecentrumrozwoju.pl\/wp-content\/uploads\/2025\/03\/LOGO_pelne-biale-tlo-1-768x420.png 768w\" sizes=\"auto, (max-width: 150px) 100vw, 150px\" \/><\/td><\/tr><\/tbody><\/table><\/figure>\n\n\n\n<pre class=\"wp-block-verse\"><br><em><strong>Kontakt:<\/strong><br>lubelskiecentrumrozwoju@gmail.com<br>+48 508 216 977<\/em><\/pre>\n\n\n\n<h2 class=\"wp-block-heading\"><\/h2>\n","protected":false},"excerpt":{"rendered":"<p>Warto by\u0107 Polakiem! Lubelskie Centrum Rozwoju realizuje program \u201eWARTO BY\u0106 POLAKIEM\u201d&#8220;Partnerem wydarzenia jest Wojew\u00f3dztwo Lubelskie. Wydarzenie bierze udzia\u0142 w programie &#8220;Warto by\u0107 Polakiem&#8221; , kt\u00f3rego organizatorem jest Samorz\u0105d Wojew\u00f3dztwa Lubelskiego&#8221;#Lubelskie #WartoBy\u0107Polakiem #KierunekLubelskie Puchary ju\u017c czekaj\u0105 na zwyci\u0119zc\u00f3w Kto oka\u017ce si\u0119 najlepszym strzelcem? Kto zdob\u0119dzie tytu\u0142 i si\u0119gnie po g\u0142\u00f3wne trofeum? Jutro si\u0119 dowiemy. Partnerem wydarzenia [&hellip;]<\/p>\n","protected":false},"author":1,"featured_media":0,"parent":0,"menu_order":0,"comment_status":"closed","ping_status":"closed","template":"","meta":{"footnotes":""},"class_list":["post-58","page","type-page","status-publish","hentry"],"_links":{"self":[{"href":"https:\/\/lubelskiecentrumrozwoju.pl\/index.php?rest_route=\/wp\/v2\/pages\/58","targetHints":{"allow":["GET"]}}],"collection":[{"href":"https:\/\/lubelskiecentrumrozwoju.pl\/index.php?rest_route=\/wp\/v2\/pages"}],"about":[{"href":"https:\/\/lubelskiecentrumrozwoju.pl\/index.php?rest_route=\/wp\/v2\/types\/page"}],"author":[{"embeddable":true,"href":"https:\/\/lubelskiecentrumrozwoju.pl\/index.php?rest_route=\/wp\/v2\/users\/1"}],"replies":[{"embeddable":true,"href":"https:\/\/lubelskiecentrumrozwoju.pl\/index.php?rest_route=%2Fwp%2Fv2%2Fcomments&post=58"}],"version-history":[{"count":9,"href":"https:\/\/lubelskiecentrumrozwoju.pl\/index.php?rest_route=\/wp\/v2\/pages\/58\/revisions"}],"predecessor-version":[{"id":78,"href":"https:\/\/lubelskiecentrumrozwoju.pl\/index.php?rest_route=\/wp\/v2\/pages\/58\/revisions\/78"}],"wp:attachment":[{"href":"https:\/\/lubelskiecentrumrozwoju.pl\/index.php?rest_route=%2Fwp%2Fv2%2Fmedia&parent=58"}],"curies":[{"name":"wp","href":"https:\/\/api.w.org\/{rel}","templated":true}]}}