{"id":88,"date":"2025-09-19T12:13:40","date_gmt":"2025-09-19T10:13:40","guid":{"rendered":"https:\/\/lubelskiecentrumrozwoju.pl\/?page_id=88"},"modified":"2025-09-19T12:14:06","modified_gmt":"2025-09-19T10:14:06","slug":"88-2","status":"publish","type":"page","link":"https:\/\/lubelskiecentrumrozwoju.pl\/?page_id=88","title":{"rendered":"Ka\u017cda gwara to lokalna poezja codzienno\u015bci"},"content":{"rendered":"\n<div class=\"wp-block-group alignfull has-background-color has-foreground-background-color has-text-color has-background has-link-color wp-elements-3baf2a53be369e28bc0858c0021afa96 is-layout-grid wp-container-core-group-is-layout-ceec9785 wp-block-group-is-layout-grid\" style=\"padding-top:0px;padding-bottom:0px\">\n<figure class=\"wp-block-image alignwide size-full\"><img loading=\"lazy\" decoding=\"async\" width=\"2729\" height=\"859\" src=\"https:\/\/lubelskiecentrumrozwoju.pl\/wp-content\/uploads\/2024\/10\/lcr_logotyp.png\" alt=\"\" class=\"wp-image-23\" srcset=\"https:\/\/lubelskiecentrumrozwoju.pl\/wp-content\/uploads\/2024\/10\/lcr_logotyp.png 2729w, https:\/\/lubelskiecentrumrozwoju.pl\/wp-content\/uploads\/2024\/10\/lcr_logotyp-300x94.png 300w, https:\/\/lubelskiecentrumrozwoju.pl\/wp-content\/uploads\/2024\/10\/lcr_logotyp-1024x322.png 1024w, https:\/\/lubelskiecentrumrozwoju.pl\/wp-content\/uploads\/2024\/10\/lcr_logotyp-768x242.png 768w, https:\/\/lubelskiecentrumrozwoju.pl\/wp-content\/uploads\/2024\/10\/lcr_logotyp-1536x483.png 1536w, https:\/\/lubelskiecentrumrozwoju.pl\/wp-content\/uploads\/2024\/10\/lcr_logotyp-2048x645.png 2048w\" sizes=\"auto, (max-width: 2729px) 100vw, 2729px\" \/><\/figure>\n<\/div>\n\n\n\n<p><\/p>\n\n\n\n<p class=\"has-x-large-font-size\"><strong>Ka\u017cda gwara to lokalna poezja codzienno\u015bci<\/strong><\/p>\n\n\n\n<figure class=\"wp-block-table\"><table class=\"has-fixed-layout\"><tbody><tr><td>                                              <img loading=\"lazy\" decoding=\"async\" width=\"150\" height=\"53\" class=\"wp-image-89\" style=\"width: 150px;\" src=\"https:\/\/lubelskiecentrumrozwoju.pl\/wp-content\/uploads\/2025\/09\/men.png\" alt=\"\" srcset=\"https:\/\/lubelskiecentrumrozwoju.pl\/wp-content\/uploads\/2025\/09\/men.png 1232w, https:\/\/lubelskiecentrumrozwoju.pl\/wp-content\/uploads\/2025\/09\/men-300x105.png 300w, https:\/\/lubelskiecentrumrozwoju.pl\/wp-content\/uploads\/2025\/09\/men-1024x359.png 1024w, https:\/\/lubelskiecentrumrozwoju.pl\/wp-content\/uploads\/2025\/09\/men-768x269.png 768w\" sizes=\"auto, (max-width: 150px) 100vw, 150px\" \/><\/td><\/tr><\/tbody><\/table><\/figure>\n\n\n\n<p class=\"has-text-align-left\"><strong>Lubelskie Centrum Rozwoju realizuje program &#8220;Ka\u017cda gwara to lokalna poezja codzienno\u015bci\u201d, w ramach programu \u201eNasze tradycje, zwanego dalej \u201eProgramem\u201d,<\/strong> <strong>ustanowionego przez Ministra Edukacji komunikatem z dnia 31 marca 2025 roku o ustanowieniu w trybie art. 90w ustawy z dnia 7 wrze\u015bnia 1991 r. o systemie o\u015bwiaty programu pn. \u201eNasze tradycje\u201d na 2025 r., zwanego dalej \u201eKomunikatem\u201d.<\/strong><\/p>\n\n\n\n<p><\/p>\n\n\n\n<pre class=\"wp-block-verse\"><\/pre>\n\n\n\n<figure class=\"wp-block-table\"><table class=\"has-fixed-layout\"><tbody><tr><td>                                          <img loading=\"lazy\" decoding=\"async\" width=\"150\" height=\"53\" class=\"wp-image-89\" style=\"width: 150px;\" src=\"https:\/\/lubelskiecentrumrozwoju.pl\/wp-content\/uploads\/2025\/09\/men.png\" alt=\"\" srcset=\"https:\/\/lubelskiecentrumrozwoju.pl\/wp-content\/uploads\/2025\/09\/men.png 1232w, https:\/\/lubelskiecentrumrozwoju.pl\/wp-content\/uploads\/2025\/09\/men-300x105.png 300w, https:\/\/lubelskiecentrumrozwoju.pl\/wp-content\/uploads\/2025\/09\/men-1024x359.png 1024w, https:\/\/lubelskiecentrumrozwoju.pl\/wp-content\/uploads\/2025\/09\/men-768x269.png 768w\" sizes=\"auto, (max-width: 150px) 100vw, 150px\" \/><\/td><\/tr><\/tbody><\/table><\/figure>\n\n\n\n<pre class=\"wp-block-verse\"><br><em><strong>Kontakt:<\/strong><br>lubelskiecentrumrozwoju@gmail.com<br>+48 508 216 977<\/em><\/pre>\n\n\n\n<h2 class=\"wp-block-heading\"><\/h2>\n\n\n\n<p><\/p>\n","protected":false},"excerpt":{"rendered":"<p>Ka\u017cda gwara to lokalna poezja codzienno\u015bci Lubelskie Centrum Rozwoju realizuje program &#8220;Ka\u017cda gwara to lokalna poezja codzienno\u015bci\u201d, w ramach programu \u201eNasze tradycje, zwanego dalej \u201eProgramem\u201d, ustanowionego przez Ministra Edukacji komunikatem z dnia 31 marca 2025 roku o ustanowieniu w trybie art. 90w ustawy z dnia 7 wrze\u015bnia 1991 r. o systemie o\u015bwiaty programu pn. \u201eNasze [&hellip;]<\/p>\n","protected":false},"author":1,"featured_media":0,"parent":0,"menu_order":0,"comment_status":"closed","ping_status":"closed","template":"","meta":{"footnotes":""},"class_list":["post-88","page","type-page","status-publish","hentry"],"_links":{"self":[{"href":"https:\/\/lubelskiecentrumrozwoju.pl\/index.php?rest_route=\/wp\/v2\/pages\/88","targetHints":{"allow":["GET"]}}],"collection":[{"href":"https:\/\/lubelskiecentrumrozwoju.pl\/index.php?rest_route=\/wp\/v2\/pages"}],"about":[{"href":"https:\/\/lubelskiecentrumrozwoju.pl\/index.php?rest_route=\/wp\/v2\/types\/page"}],"author":[{"embeddable":true,"href":"https:\/\/lubelskiecentrumrozwoju.pl\/index.php?rest_route=\/wp\/v2\/users\/1"}],"replies":[{"embeddable":true,"href":"https:\/\/lubelskiecentrumrozwoju.pl\/index.php?rest_route=%2Fwp%2Fv2%2Fcomments&post=88"}],"version-history":[{"count":2,"href":"https:\/\/lubelskiecentrumrozwoju.pl\/index.php?rest_route=\/wp\/v2\/pages\/88\/revisions"}],"predecessor-version":[{"id":91,"href":"https:\/\/lubelskiecentrumrozwoju.pl\/index.php?rest_route=\/wp\/v2\/pages\/88\/revisions\/91"}],"wp:attachment":[{"href":"https:\/\/lubelskiecentrumrozwoju.pl\/index.php?rest_route=%2Fwp%2Fv2%2Fmedia&parent=88"}],"curies":[{"name":"wp","href":"https:\/\/api.w.org\/{rel}","templated":true}]}}